{"id":1143,"date":"2017-08-18T14:49:44","date_gmt":"2017-08-18T13:49:44","guid":{"rendered":"https:\/\/www.apreamarespain.es\/embarcaciones-ocasion\/"},"modified":"2022-09-21T11:28:48","modified_gmt":"2022-09-21T10:28:48","slug":"pre-owned-boats","status":"publish","type":"page","link":"https:\/\/www.apreamarespain.es\/en\/pre-owned-boats\/","title":{"rendered":"Pre-owned boats"},"content":{"rendered":"<div  class=\"ginger-section  ginger-section--padding-big ginger-section--min-padding-normal c-fhsection--flex c-fhsection ginger-pane js-pane ginger-pane-0\"  data-pane=\"0\" data-dot-title=\"\" ><div class=\"pht-bg-ctnr__hider\" style=\"background:#ffffff\"><div data-ratio=\"2\" data-src=\"https:\/\/www.apreamarespain.es\/wp-content\/uploads\/2017\/08\/AM64fly_02-1.jpg\" class=\"js-pht-bg-ctnr-img ginger-bg-ctnr js-force-palm js-pane-wrapper__img ginger-bg-ctnr--90\" style=\"background-color:#ffffff;;\"><div class=\"js-bg js-bg-top u-absolute\"><\/div><div class=\"js-bg js-bg-bottom u-absolute\"><\/div><img class=\"js-image-container js-pht-img-loader\" src=\"https:\/\/www.apreamarespain.es\/wp-content\/uploads\/2017\/08\/AM64fly_02-1.jpg\" data-imgurl=\"https:\/\/www.apreamarespain.es\/wp-content\/uploads\/2017\/08\/AM64fly_02-1.jpg\" alt=\"AM64fly_02-1\" style=\"display:none;\"><\/div><\/div><div class=\"js-hide-when-old c-fhsection__inner ginger-pane__inner ginger-shift\"><div  class=\"pht-wrapper pht-parent\"><div class=\"pht-layout \"><!-- --><div  class=\"pht-layout__item \"><div class=\"pht-colorbox  pht-box--valign-center js-ginger-waypoint ginger-waypoint ginger-t2b \" style=\"\"><div  class=\"pht-layout \"><!-- --><div  class=\"pht-layout__item \"><div class=\"pht-colorbox  pht-box--valign-top js-ginger-waypoint ginger-waypoint ginger-t2b  pht-box pht-box--huge\" style=\"\"><div  class=\"phtpb_item phtpb_text cf phtpb_width--1plus phtpb_width--075plus phtpb_width--value10\"  ><h1 class=\"pht-shortunderline pht-beta--large\" style=\"text-align: center;\"><span class=\"pht-spacedletters pht-alpha--large\"><em>Pre-owned boats<\/em><\/span><\/h1>\n<\/div><div  class=\"phtpb_item pht-divider pht-divider_none pht-divider_middle hidden--never phtpb_width--1plus phtpb_width--075plus phtpb_width--value10\" style=height:30px; ><\/div><div  class=\"phtpb_item phtpb_text cf pht-mb phtpb_width--1plus phtpb_width--075plus phtpb_width--value10\"  ><h3 style=\"text-align: center;\"><span class=\"pht-spacedletters\"><i>Discover our pre-owned boats<\/i><\/span><\/h3>\n<\/div><\/div><\/div><!-- --><\/div><div  class=\"phtpb_item pht-divider pht-divider_none pht-divider_middle hidden--never phtpb_width--1plus phtpb_width--075plus phtpb_width--value10\" style=height:30px; ><\/div><div  class=\"phtpb_item phtpb_item--showcase phtpb_width--1plus phtpb_width--075plus phtpb_width--value10\"  >\t\t\t\n\t\t\t<div class=\"js-showcase js-phtpb_showcase_ctnr js-loadmore-into pht-white cf  pht-mctnr--gut24\">\n\n\t\t\t\t\n\t\t\t\t\t<article class=\"pht-showcase__item pht-parent pht-hider js-pht-waypoint pht-waypoint  u-1-of-3\">\n\n\t\t\t\t\t\t<figure class=\"pht-fig \"><img  src=\"https:\/\/www.apreamarespain.es\/wp-content\/uploads\/2017\/10\/apreamare-48-08-product-photo-388x204.jpg\" class=\"pht-img--fill\" alt=\"Apreamare 48&#039; 2008\" srcset=\"https:\/\/www.apreamarespain.es\/wp-content\/uploads\/2017\/10\/apreamare-48-08-product-photo-388x204.jpg 1x, https:\/\/www.apreamarespain.es\/wp-content\/uploads\/2017\/10\/apreamare-48-08-product-photo-776x408.jpg 2x\" width=\"388\" height=\"0\" \/><div class=\"pht-fig__link--ctnr\"><a class=\"pht-fig__link pht-fig__link--hoverdir pht-fig__link--main pht-text-center a-a a-a--no-h\" href=\"https:\/\/www.apreamarespain.es\/en\/ocasion\/apreamare-48-2008\/\"><h4 class=\"pht-fig__titles pht-epsilon pht-mb0\">Apreamare 48&#8242; (2008)<\/h4><span class=\"pht-fig__subtitles pht-zeta\"><\/span><\/a><\/div><\/figure>\t\t\t\t\t<\/article>\n\n\t\t\t\t\n\t\t\t<\/div><!-- .js-phtpb_showcase_ctnr -->\n\n\n\t\t\t<\/div><div  class=\"phtpb_item pht-divider pht-divider_none pht-divider_middle hidden--never phtpb_width--1plus phtpb_width--075plus phtpb_width--value10\" style=height:30px; ><\/div><\/div><\/div><!-- --><\/div><\/div><\/div><div class=\"js-hide-when-old ginger-shift\"><a href=\"#\" class=\"u-absolute u-h4 c-icon c-icon--normal c-icon--trans c-icon--pill pht-icon--border pht-scrolldown js-pht-scrolldown\"><span class=\"u-hidden-visually\">Scroll down<\/span><i class=\"c-icon__i pht-ic-f1-caret2-down\"><\/i><\/a><\/div><\/div><div  class=\"ginger-section  ginger-section--padding-none ginger-section--min-padding-auto c-fhsection--flex c-fhsection ginger-pane js-pane ginger-pane-1\" style=color:#ffffff; data-pane=\"1\" data-dot-title=\"\" ><div class=\"pht-bg-ctnr__hider\" style=\"background:#101010\"><div class=\"js-bg js-bg-top u-absolute\"><\/div><div class=\"js-bg js-bg-bottom u-absolute\"><\/div><\/div><div class=\"js-hide-when-old c-fhsection__inner ginger-pane__inner ginger-shift\"><div class=\"pht-layout pht-layout--equals \"><!-- --><div  class=\"pht-layout__item u-1-of-3-desk u-1-of-3-lap\"><div class=\"pht-colorbox  pht-box--valign-top  \" style=\"\"><div  class=\"phtpb_item phtpb_text cf pht-mb phtpb_width--plus phtpb_width--1plus phtpb_width--075plus phtpb_width--value330\"  ><p><iframe src=\"https:\/\/maps.google.com\/maps?width=100%&amp;height=400&amp;hl=en&amp;coord=39.8875948, 4.274985000000015&amp;q=C%2F%20Moll%20de%20Llevant%20315%20Mahon%20Menorca%2007701%20Spain+(ISLAND%20YACHTS%20BROKER)&amp;ie=UTF8&amp;t=&amp;z=15&amp;iwloc=B&amp;output=embed\" width=\"100%\" height=\"950\" frameborder=\"0\" marginwidth=\"0\" marginheight=\"0\" scrolling=\"no\"><a href=\"https:\/\/www.maps.ie\/create-google-map\/\">Create Google Map<\/a><\/iframe><\/p>\n<\/div><\/div><\/div><!----><div  class=\"pht-layout__item u-1-of-3-desk u-1-of-3-lap\"><div class=\"pht-colorbox  pht-box--valign-center   pht-box pht-box--huge\" style=\"color:#ffffff;\"><div  class=\"phtpb_item pht-divider pht-divider_none pht-divider_middle hidden--never phtpb_width--plus phtpb_width--1plus phtpb_width--075plus phtpb_width--value330\"  ><\/div><div  class=\"phtpb_item phtpb_text cf pht-mb phtpb_width--plus phtpb_width--1plus phtpb_width--075plus phtpb_width--value330\"  ><h1 class=\"pht-shortunderline\" style=\"text-align: center;\"><em><span class=\"pht-spacedletters pht-gamma--large\">C<\/span><\/em><em><span class=\"pht-spacedletters pht-gamma--large\">ontact us<\/span><\/em><\/h1>\n<p class=\"pht-mb0\" style=\"text-align: center;\"><span class=\"pht-spacedletters\"><br \/>\nIf you are interested in any of our boats and need more information, contact us.<\/span><\/p>\n<\/div><div  class=\"phtpb_item pht-divider pht-divider_none pht-divider_middle hidden--never phtpb_width--plus phtpb_width--1plus phtpb_width--075plus phtpb_width--value330\" style=height:30px; ><\/div><div  class=\"phtpb_item phtpb_text cf pht-mb phtpb_width--plus phtpb_width--1plus phtpb_width--075plus phtpb_width--value330\"  ><p class=\"pht-mb0\" style=\"text-align: center;\"><span class=\"pht-spacedletters\"><strong>APREAMARE SPAIN<\/strong><br \/>\nMoll de Llevant 315<br \/>\nPort Mahon<br \/>\nBalearic Islands, 07701<br \/>\nSpain<br \/>\n<\/span><\/p>\n<p style=\"text-align: center;\">T (+34) 628 715 090 | (+34) 971 35 13 97<\/p>\n<p style=\"text-align: center;\">sales@islandyachtsbroker.com<\/p>\n<\/div><div  class=\"phtpb_item pht-divider pht-divider_none pht-divider_middle hidden--never phtpb_width--plus phtpb_width--1plus phtpb_width--075plus phtpb_width--value330\" style=height:30px; ><\/div><div  class=\"phtpb_item pht-btn__container pht-btn__container-center pht-text-center phtpb_width--plus phtpb_width--1plus phtpb_width--075plus phtpb_width--value330\"  ><a href='https:\/\/www.facebook.com\/islandyachtsbroker\/' class='c-icon c-icon--normal c-icon--pill pht-icon--border  c-icon--fill' target='_self' ><i class=\"c-icon__i pht-ic-f1-facebook\" style=\"color: #202020\"><\/i> <\/a><a href='https:\/\/www.instagram.com\/islandyachtsbroker\/' class='c-icon c-icon--normal c-icon--pill pht-icon--border  c-icon--fill' target='_self' ><i class=\"c-icon__i pht-ic-f1-instagram\" style=\"color: #202020\"><\/i> <\/a><\/div><\/div><\/div><!----><div  class=\"pht-layout__item u-1-of-3-desk u-1-of-3-lap\"><div class=\"pht-colorbox  pht-box--valign-center   pht-box pht-box--huge\" style=\"\"><div  class=\"phtpb_item phtpb_contact_form7 pht-mb phtpb_width--plus phtpb_width--1plus phtpb_width--075plus phtpb_width--value330\"  ><div role=\"form\" class=\"wpcf7\" id=\"wpcf7-f4-o1\" lang=\"es-ES\" dir=\"ltr\">\n<div class=\"screen-reader-response\"><p role=\"status\" aria-live=\"polite\" aria-atomic=\"true\"><\/p> <ul><\/ul><\/div>\n<form action=\"\/en\/wp-json\/wp\/v2\/pages\/1143#wpcf7-f4-o1\" method=\"post\" class=\"wpcf7-form init\" novalidate=\"novalidate\" data-status=\"init\">\n<div style=\"display: none;\">\n<input type=\"hidden\" name=\"_wpcf7\" value=\"4\" \/>\n<input type=\"hidden\" name=\"_wpcf7_version\" value=\"5.3\" \/>\n<input type=\"hidden\" name=\"_wpcf7_locale\" value=\"es_ES\" \/>\n<input type=\"hidden\" name=\"_wpcf7_unit_tag\" value=\"wpcf7-f4-o1\" \/>\n<input type=\"hidden\" name=\"_wpcf7_container_post\" value=\"0\" \/>\n<input type=\"hidden\" name=\"_wpcf7_posted_data_hash\" value=\"\" \/>\n<input type=\"hidden\" name=\"_wpcf7_recaptcha_response\" value=\"\" \/>\n<\/div>\n<p><label> Nombre y apellido*<br \/>\n    <span class=\"wpcf7-form-control-wrap your-name\"><input type=\"text\" name=\"your-name\" value=\"\" size=\"40\" class=\"wpcf7-form-control wpcf7-text wpcf7-validates-as-required\" aria-required=\"true\" aria-invalid=\"false\" \/><\/span> <\/label><\/p>\n<p><label> Correo electr\u00f3nico*<br \/>\n    <span class=\"wpcf7-form-control-wrap your-email\"><input type=\"email\" name=\"your-email\" value=\"\" size=\"40\" class=\"wpcf7-form-control wpcf7-text wpcf7-email wpcf7-validates-as-required wpcf7-validates-as-email\" aria-required=\"true\" aria-invalid=\"false\" \/><\/span> <\/label><\/p>\n<p><label> Tel\u00e9fono*<br \/>\n<span class=\"wpcf7-form-control-wrap telefono\"><input type=\"tel\" name=\"telefono\" value=\"\" size=\"40\" class=\"wpcf7-form-control wpcf7-text wpcf7-tel wpcf7-validates-as-required wpcf7-validates-as-tel\" aria-required=\"true\" aria-invalid=\"false\" \/><\/span> <\/label><\/p>\n<p><label> Asunto<br \/>\n    <span class=\"wpcf7-form-control-wrap your-subject\"><input type=\"text\" name=\"your-subject\" value=\"\" size=\"40\" class=\"wpcf7-form-control wpcf7-text\" aria-invalid=\"false\" \/><\/span> <\/label><\/p>\n<p><label> Mensaje<br \/>\n    <span class=\"wpcf7-form-control-wrap your-message\"><textarea name=\"your-message\" cols=\"40\" rows=\"10\" class=\"wpcf7-form-control wpcf7-textarea\" aria-invalid=\"false\"><\/textarea><\/span> <\/label><\/p>\n<p><input type=\"submit\" value=\"Enviar\" class=\"wpcf7-form-control wpcf7-submit\" \/><\/p>\n<p><label class=\"checkbox-wrapper\"><span class=\"wpcf7-form-control-wrap info\"><span class=\"wpcf7-form-control wpcf7-checkbox\"><span class=\"wpcf7-list-item first last\"><input type=\"checkbox\" name=\"info[]\" value=\"Mant\u00e9nganme actualizado por correo electr\u00f3nico con noticias de Apreamare, lanzamientos de productos, embarcaciones de ocasi\u00f3n y\/o charter, y eventos.\" \/><span class=\"wpcf7-list-item-label\">Mant\u00e9nganme actualizado por correo electr\u00f3nico con noticias de Apreamare, lanzamientos de productos, embarcaciones de ocasi\u00f3n y\/o charter, y eventos.<\/span><\/span><\/span><\/span><\/label><span class=\"wpcf7-form-control-wrap acceptance\"><span class=\"wpcf7-form-control wpcf7-acceptance\"><span class=\"wpcf7-list-item\"><label><input type=\"checkbox\" name=\"acceptance\" value=\"1\" aria-invalid=\"false\" \/><span class=\"wpcf7-list-item-label\">He lei\u0301do y acepto el Aviso Legal y la Pol\u00edtica de Privacidad.<\/span><\/label><\/span><\/span><\/span><br \/>\n<label class=\"checkbox-wrapper\"><span class=\"wpcf7-form-control-wrap info\"><span class=\"wpcf7-form-control wpcf7-checkbox\"><span class=\"wpcf7-list-item first last\"><input type=\"checkbox\" name=\"info[]\" value=\"He lei\u0301do y no acepto el Aviso Legal y la Pol\u00edtica de Privacidad.\" \/><span class=\"wpcf7-list-item-label\">He lei\u0301do y no acepto el Aviso Legal y la Pol\u00edtica de Privacidad.<\/span><\/span><\/span><\/span><\/label>\n<\/div>\n<p style=\"font-size: 12px;\">*Campos requeridos  &nbsp;|&nbsp;  <a href=\"\/politica-de-privacidad\">Ver Aviso Legal y Pol\u00edtica de Privacidad<\/a><\/p>\n<div class=\"wpcf7-response-output\" aria-hidden=\"true\"><\/div><\/form><\/div><\/div><\/div><\/div><!-- --><\/div><\/div><\/div><div  class=\"ginger-section  ginger-section--padding-big ginger-section--min-padding-normal c-fhsection--flex c-fhsection ginger-pane js-pane ginger-pane-2\"  data-pane=\"2\" data-dot-title=\"\" ><div class=\"pht-bg-ctnr__hider\" style=\"\"><div class=\"js-bg js-bg-top u-absolute\"><\/div><div class=\"js-bg js-bg-bottom u-absolute\"><\/div><\/div><div class=\"js-hide-when-old c-fhsection__inner ginger-pane__inner ginger-shift\"><div  class=\"pht-wrapper pht-parent\"><div class=\"pht-layout \"><!-- --><div  class=\"pht-layout__item \"><div class=\"pht-colorbox  pht-box--valign-top  \" style=\"\"><div  class=\"phtpb_item phtpb_text cf pht-mb phtpb_width--1plus phtpb_width--075plus phtpb_width--value10\"  ><p><script>\ndocument.addEventListener( 'wpcf7mailsent', function( event ) {\ndataLayer.push({'event' : 'form-id-'+event.detail.contactFormId });\n}, false );\n<\/script><\/p>\n<\/div><\/div><\/div><!-- --><\/div><\/div><\/div><\/div>","protected":false},"excerpt":{"rendered":"","protected":false},"author":1,"featured_media":0,"parent":0,"menu_order":0,"comment_status":"closed","ping_status":"closed","template":"","meta":[],"yoast_head":"<!-- This site is optimized with the Yoast SEO plugin v15.1.1 - https:\/\/yoast.com\/wordpress\/plugins\/seo\/ -->\n<title>Pre-owned boats - Apreamare<\/title>\n<meta name=\"robots\" content=\"index, follow, max-snippet:-1, max-image-preview:large, max-video-preview:-1\" \/>\n<link rel=\"canonical\" href=\"https:\/\/www.apreamarespain.es\/en\/pre-owned-boats\/\" \/>\n<meta property=\"og:locale\" content=\"en_US\" \/>\n<meta property=\"og:type\" content=\"article\" \/>\n<meta property=\"og:title\" content=\"Pre-owned boats - Apreamare\" \/>\n<meta property=\"og:url\" content=\"https:\/\/www.apreamarespain.es\/en\/pre-owned-boats\/\" \/>\n<meta property=\"og:site_name\" content=\"Apreamare\" \/>\n<meta property=\"article:modified_time\" content=\"2022-09-21T10:28:48+00:00\" \/>\n<meta name=\"twitter:card\" content=\"summary\" \/>\n<script type=\"application\/ld+json\" class=\"yoast-schema-graph\">{\"@context\":\"https:\/\/schema.org\",\"@graph\":[{\"@type\":\"WebSite\",\"@id\":\"https:\/\/www.apreamarespain.es\/en\/#website\",\"url\":\"https:\/\/www.apreamarespain.es\/en\/\",\"name\":\"Apreamare\",\"description\":\"L\\u00edder en la construcci\\u00f3n de yates de lujo.\",\"potentialAction\":[{\"@type\":\"SearchAction\",\"target\":\"https:\/\/www.apreamarespain.es\/en\/?s={search_term_string}\",\"query-input\":\"required name=search_term_string\"}],\"inLanguage\":\"en-US\"},{\"@type\":\"WebPage\",\"@id\":\"https:\/\/www.apreamarespain.es\/en\/pre-owned-boats\/#webpage\",\"url\":\"https:\/\/www.apreamarespain.es\/en\/pre-owned-boats\/\",\"name\":\"Pre-owned boats - Apreamare\",\"isPartOf\":{\"@id\":\"https:\/\/www.apreamarespain.es\/en\/#website\"},\"datePublished\":\"2017-08-18T13:49:44+00:00\",\"dateModified\":\"2022-09-21T10:28:48+00:00\",\"inLanguage\":\"en-US\",\"potentialAction\":[{\"@type\":\"ReadAction\",\"target\":[\"https:\/\/www.apreamarespain.es\/en\/pre-owned-boats\/\"]}]}]}<\/script>\n<!-- \/ Yoast SEO plugin. -->","_links":{"self":[{"href":"https:\/\/www.apreamarespain.es\/en\/wp-json\/wp\/v2\/pages\/1143\/"}],"collection":[{"href":"https:\/\/www.apreamarespain.es\/en\/wp-json\/wp\/v2\/pages\/"}],"about":[{"href":"https:\/\/www.apreamarespain.es\/en\/wp-json\/wp\/v2\/types\/page\/"}],"author":[{"embeddable":true,"href":"https:\/\/www.apreamarespain.es\/en\/wp-json\/wp\/v2\/users\/1\/"}],"replies":[{"embeddable":true,"href":"https:\/\/www.apreamarespain.es\/en\/wp-json\/wp\/v2\/comments\/?post=1143"}],"version-history":[{"count":13,"href":"https:\/\/www.apreamarespain.es\/en\/wp-json\/wp\/v2\/pages\/1143\/revisions\/"}],"predecessor-version":[{"id":2288,"href":"https:\/\/www.apreamarespain.es\/en\/wp-json\/wp\/v2\/pages\/1143\/revisions\/2288\/"}],"wp:attachment":[{"href":"https:\/\/www.apreamarespain.es\/en\/wp-json\/wp\/v2\/media\/?parent=1143"}],"curies":[{"name":"wp","href":"https:\/\/api.w.org\/{rel}","templated":true}]}}